{"id":51,"date":"2020-07-26T18:19:57","date_gmt":"2020-07-26T16:19:57","guid":{"rendered":"http:\/\/sid-heizung.at\/?page_id=51"},"modified":"2021-01-09T12:40:36","modified_gmt":"2021-01-09T11:40:36","slug":"klima","status":"publish","type":"page","link":"https:\/\/sid-heizung.at\/?page_id=51","title":{"rendered":"Klima"},"content":{"rendered":"<p>Die SID GmbH ist ihr Fachbetrieb mit langj\u00e4hriger Erfahrung f\u00fcr die Neuerrichtung sowie die Wartung von Klimaanlagen.<\/p>\n<p>F\u00fcr den zeitgem\u00e4\u00dfen Komfort im Arbeits- und Wohnbereich bieten wir ihnen den Einbau von modernen Klimaanlagen an. So sorgen sie f\u00fcr angenehme Raumtemperaturen im Sommer oder k\u00f6nnen diese Anlagen im Winter auch zum Heizen nutzen.<\/p>\n<p>Damit sie lange Freude an ihrer Klimaanlage haben ist eine regelm\u00e4ssige Wartung n\u00f6tig. Wir beraten sie auch gerne pers\u00f6nlich oder kontaktieren sie uns online.<\/p>\n","protected":false},"excerpt":{"rendered":"<p>Die SID GmbH ist ihr Fachbetrieb mit langj\u00e4hriger Erfahrung f\u00fcr die Neuerrichtung sowie die Wartung von Klimaanlagen. F\u00fcr den zeitgem\u00e4\u00dfen Komfort im Arbeits- und Wohnbereich bieten wir ihnen den Einbau von modernen Klimaanlagen an. So sorgen sie f\u00fcr angenehme Raumtemperaturen im Sommer oder k\u00f6nnen diese Anlagen im Winter auch zum Heizen nutzen. Damit sie lange &hellip; <\/p>\n<p class=\"link-more\"><a href=\"https:\/\/sid-heizung.at\/?page_id=51\" class=\"more-link\">Continue reading<span class=\"screen-reader-text\"> &#8222;Klima&#8220;<\/span><\/a><\/p>\n","protected":false},"author":1,"featured_media":36,"parent":0,"menu_order":0,"comment_status":"closed","ping_status":"closed","template":"","meta":{"footnotes":""},"_links":{"self":[{"href":"https:\/\/sid-heizung.at\/index.php?rest_route=\/wp\/v2\/pages\/51"}],"collection":[{"href":"https:\/\/sid-heizung.at\/index.php?rest_route=\/wp\/v2\/pages"}],"about":[{"href":"https:\/\/sid-heizung.at\/index.php?rest_route=\/wp\/v2\/types\/page"}],"author":[{"embeddable":true,"href":"https:\/\/sid-heizung.at\/index.php?rest_route=\/wp\/v2\/users\/1"}],"replies":[{"embeddable":true,"href":"https:\/\/sid-heizung.at\/index.php?rest_route=%2Fwp%2Fv2%2Fcomments&post=51"}],"version-history":[{"count":6,"href":"https:\/\/sid-heizung.at\/index.php?rest_route=\/wp\/v2\/pages\/51\/revisions"}],"predecessor-version":[{"id":93,"href":"https:\/\/sid-heizung.at\/index.php?rest_route=\/wp\/v2\/pages\/51\/revisions\/93"}],"wp:featuredmedia":[{"embeddable":true,"href":"https:\/\/sid-heizung.at\/index.php?rest_route=\/wp\/v2\/media\/36"}],"wp:attachment":[{"href":"https:\/\/sid-heizung.at\/index.php?rest_route=%2Fwp%2Fv2%2Fmedia&parent=51"}],"curies":[{"name":"wp","href":"https:\/\/api.w.org\/{rel}","templated":true}]}}