{"id":49,"date":"2020-07-26T18:19:42","date_gmt":"2020-07-26T16:19:42","guid":{"rendered":"http:\/\/sid-heizung.at\/?page_id=49"},"modified":"2021-01-09T12:23:36","modified_gmt":"2021-01-09T11:23:36","slug":"sanitar","status":"publish","type":"page","link":"https:\/\/sid-heizung.at\/?page_id=49","title":{"rendered":"Sanit\u00e4r"},"content":{"rendered":"<p>Die SID GmbH ist ihr Fachbetrieb mit langj\u00e4hriger Erfahrung f\u00fcr die Neugestaltung sowie die Sanierung von Badezimmern sowie Sanit\u00e4ranlagen in Klagenfurt am W\u00f6rthersee.<\/p>\n<h2>Neubau, Wartung oder Sanierierung?<\/h2>\n<p>Wir setzen Projekte f\u00fcr Wohnbau als auch Privatkunden um &#8211; ebenso steht ein qualifiziertes Serviceteam bereit.<\/p>\n<p>Wir sind zertifizierter Trinkwasserprofi von BWT f\u00fcr den Betrieb und Einbau von Enth\u00e4rtungsanlagen.<\/p>\n<p>Nehmen Sie mit uns <a href=\"http:\/\/sid-heizung.at\/?page_id=20\">Kontakt<\/a> auf, wenn Sie Fragen haben.<\/p>\n<div><\/div>\n","protected":false},"excerpt":{"rendered":"<p>Die SID GmbH ist ihr Fachbetrieb mit langj\u00e4hriger Erfahrung f\u00fcr die Neugestaltung sowie die Sanierung von Badezimmern sowie Sanit\u00e4ranlagen in Klagenfurt am W\u00f6rthersee. Neubau, Wartung oder Sanierierung? Wir setzen Projekte f\u00fcr Wohnbau als auch Privatkunden um &#8211; ebenso steht ein qualifiziertes Serviceteam bereit. Wir sind zertifizierter Trinkwasserprofi von BWT f\u00fcr den Betrieb und Einbau von &hellip; <\/p>\n<p class=\"link-more\"><a href=\"https:\/\/sid-heizung.at\/?page_id=49\" class=\"more-link\">Continue reading<span class=\"screen-reader-text\"> &#8222;Sanit\u00e4r&#8220;<\/span><\/a><\/p>\n","protected":false},"author":1,"featured_media":35,"parent":0,"menu_order":0,"comment_status":"closed","ping_status":"closed","template":"","meta":{"footnotes":""},"_links":{"self":[{"href":"https:\/\/sid-heizung.at\/index.php?rest_route=\/wp\/v2\/pages\/49"}],"collection":[{"href":"https:\/\/sid-heizung.at\/index.php?rest_route=\/wp\/v2\/pages"}],"about":[{"href":"https:\/\/sid-heizung.at\/index.php?rest_route=\/wp\/v2\/types\/page"}],"author":[{"embeddable":true,"href":"https:\/\/sid-heizung.at\/index.php?rest_route=\/wp\/v2\/users\/1"}],"replies":[{"embeddable":true,"href":"https:\/\/sid-heizung.at\/index.php?rest_route=%2Fwp%2Fv2%2Fcomments&post=49"}],"version-history":[{"count":8,"href":"https:\/\/sid-heizung.at\/index.php?rest_route=\/wp\/v2\/pages\/49\/revisions"}],"predecessor-version":[{"id":86,"href":"https:\/\/sid-heizung.at\/index.php?rest_route=\/wp\/v2\/pages\/49\/revisions\/86"}],"wp:featuredmedia":[{"embeddable":true,"href":"https:\/\/sid-heizung.at\/index.php?rest_route=\/wp\/v2\/media\/35"}],"wp:attachment":[{"href":"https:\/\/sid-heizung.at\/index.php?rest_route=%2Fwp%2Fv2%2Fmedia&parent=49"}],"curies":[{"name":"wp","href":"https:\/\/api.w.org\/{rel}","templated":true}]}}