{"id":45,"date":"2020-07-26T18:18:12","date_gmt":"2020-07-26T16:18:12","guid":{"rendered":"http:\/\/sid-heizung.at\/?page_id=45"},"modified":"2025-12-06T13:20:35","modified_gmt":"2025-12-06T12:20:35","slug":"bad","status":"publish","type":"page","link":"https:\/\/sid-heizung.at\/?page_id=45","title":{"rendered":"Bad"},"content":{"rendered":"<p>Die SID GmbH ist ihr Fachbetrieb mit langj\u00e4hriger Erfahrung f\u00fcr die Neugestaltung sowie die Sanierung von Badezimmern sowie Sanit\u00e4ranlagen in Klagenfurt am W\u00f6rthersee.<\/p>\n<p>Wir unterst\u00fctzen sie gerne bei der Neuplanung als auch bei der Umgestaltung ihres Wunschbades. Ebenso bieten wir ihnen die fachliche Beratung und Umsetzung f\u00fcr behindertengerechte oder barrierefreie B\u00e4der an.<\/p>\n","protected":false},"excerpt":{"rendered":"<p>Die SID GmbH ist ihr Fachbetrieb mit langj\u00e4hriger Erfahrung f\u00fcr die Neugestaltung sowie die Sanierung von Badezimmern sowie Sanit\u00e4ranlagen in Klagenfurt am W\u00f6rthersee. Wir unterst\u00fctzen sie gerne bei der Neuplanung als auch bei der Umgestaltung ihres Wunschbades. Ebenso bieten wir ihnen die fachliche Beratung und Umsetzung f\u00fcr behindertengerechte oder barrierefreie B\u00e4der an.<\/p>\n","protected":false},"author":1,"featured_media":128,"parent":0,"menu_order":0,"comment_status":"closed","ping_status":"closed","template":"","meta":{"footnotes":""},"_links":{"self":[{"href":"https:\/\/sid-heizung.at\/index.php?rest_route=\/wp\/v2\/pages\/45"}],"collection":[{"href":"https:\/\/sid-heizung.at\/index.php?rest_route=\/wp\/v2\/pages"}],"about":[{"href":"https:\/\/sid-heizung.at\/index.php?rest_route=\/wp\/v2\/types\/page"}],"author":[{"embeddable":true,"href":"https:\/\/sid-heizung.at\/index.php?rest_route=\/wp\/v2\/users\/1"}],"replies":[{"embeddable":true,"href":"https:\/\/sid-heizung.at\/index.php?rest_route=%2Fwp%2Fv2%2Fcomments&post=45"}],"version-history":[{"count":7,"href":"https:\/\/sid-heizung.at\/index.php?rest_route=\/wp\/v2\/pages\/45\/revisions"}],"predecessor-version":[{"id":80,"href":"https:\/\/sid-heizung.at\/index.php?rest_route=\/wp\/v2\/pages\/45\/revisions\/80"}],"wp:featuredmedia":[{"embeddable":true,"href":"https:\/\/sid-heizung.at\/index.php?rest_route=\/wp\/v2\/media\/128"}],"wp:attachment":[{"href":"https:\/\/sid-heizung.at\/index.php?rest_route=%2Fwp%2Fv2%2Fmedia&parent=45"}],"curies":[{"name":"wp","href":"https:\/\/api.w.org\/{rel}","templated":true}]}}