{"id":40,"date":"2020-07-26T18:17:11","date_gmt":"2020-07-26T16:17:11","guid":{"rendered":"http:\/\/sid-heizung.at\/?page_id=40"},"modified":"2021-02-11T09:21:49","modified_gmt":"2021-02-11T08:21:49","slug":"heizung","status":"publish","type":"page","link":"https:\/\/sid-heizung.at\/?page_id=40","title":{"rendered":"Heizung"},"content":{"rendered":"<p>Die SID GmbH ist ihr Fachbetrieb mit langj\u00e4hriger Erfahrung f\u00fcr die Neuerrichtung sowie die Sanierung und Wartung von Heizungsanlagen in Klagenfurt am W\u00f6rthersee.<\/p>\n<p>Wir sind mit 12 Mitarbeitern \u00f6sterreichweit im Einsatz und betreuen neben B\u00f6sch, Herz, Vaillant und Fr\u00f6ling auch andere f\u00fchrende Markenprodukte.<\/p>\n<p>Kontaktieren Sie uns auch gerne, wenn sie Fragen im Bereich Heizwasseraufbereitung haben.<\/p>\n","protected":false},"excerpt":{"rendered":"<p>Die SID GmbH ist ihr Fachbetrieb mit langj\u00e4hriger Erfahrung f\u00fcr die Neuerrichtung sowie die Sanierung und Wartung von Heizungsanlagen in Klagenfurt am W\u00f6rthersee. Wir sind mit 12 Mitarbeitern \u00f6sterreichweit im Einsatz und betreuen neben B\u00f6sch, Herz, Vaillant und Fr\u00f6ling auch andere f\u00fchrende Markenprodukte. Kontaktieren Sie uns auch gerne, wenn sie Fragen im Bereich Heizwasseraufbereitung haben.<\/p>\n","protected":false},"author":1,"featured_media":37,"parent":0,"menu_order":0,"comment_status":"closed","ping_status":"closed","template":"","meta":{"footnotes":""},"_links":{"self":[{"href":"https:\/\/sid-heizung.at\/index.php?rest_route=\/wp\/v2\/pages\/40"}],"collection":[{"href":"https:\/\/sid-heizung.at\/index.php?rest_route=\/wp\/v2\/pages"}],"about":[{"href":"https:\/\/sid-heizung.at\/index.php?rest_route=\/wp\/v2\/types\/page"}],"author":[{"embeddable":true,"href":"https:\/\/sid-heizung.at\/index.php?rest_route=\/wp\/v2\/users\/1"}],"replies":[{"embeddable":true,"href":"https:\/\/sid-heizung.at\/index.php?rest_route=%2Fwp%2Fv2%2Fcomments&post=40"}],"version-history":[{"count":6,"href":"https:\/\/sid-heizung.at\/index.php?rest_route=\/wp\/v2\/pages\/40\/revisions"}],"predecessor-version":[{"id":111,"href":"https:\/\/sid-heizung.at\/index.php?rest_route=\/wp\/v2\/pages\/40\/revisions\/111"}],"wp:featuredmedia":[{"embeddable":true,"href":"https:\/\/sid-heizung.at\/index.php?rest_route=\/wp\/v2\/media\/37"}],"wp:attachment":[{"href":"https:\/\/sid-heizung.at\/index.php?rest_route=%2Fwp%2Fv2%2Fmedia&parent=40"}],"curies":[{"name":"wp","href":"https:\/\/api.w.org\/{rel}","templated":true}]}}